{"id":11,"date":"2026-01-22T14:51:50","date_gmt":"2026-01-22T13:51:50","guid":{"rendered":"https:\/\/wp02.btsndrc-ifce.fr\/?page_id=11"},"modified":"2026-01-22T15:54:11","modified_gmt":"2026-01-22T14:54:11","slug":"exercice-1","status":"publish","type":"page","link":"https:\/\/wp02.btsndrc-ifce.fr\/index.php\/exercice-1\/","title":{"rendered":"Exercice 1"},"content":{"rendered":"\n<h2 class=\"wp-block-heading\">Introduction<\/h2>\n\n\n\n<p>Bienvenue sur cette page mod\u00e8le. Elle pr\u00e9sente les blocs essentiels \u00e0 utiliser sur WordPress : titres, texte, tableaux, citations, colonnes, galeries et ic\u00f4nes <\/p>\n\n\n\n<p>\u00ab\u00a0Une page claire, c&rsquo;est une page qui guide l&rsquo;utilisateur sans le faire r\u00e9fl\u00e9chir.\u00a0\u00bb<\/p>\n\n\n\n<h2 class=\"wp-block-heading\">Sous-parties<\/h2>\n\n\n\n<h3 class=\"wp-block-heading\">Un sous titre <\/h3>\n\n\n\n<p>Ici, tu peux ajouter un paragraphe classique pour d\u00e9velopper une id\u00e9e, pr\u00e9senter une offre ou expliquer un processus.<\/p>\n\n\n\n<figure class=\"wp-block-table\"><table class=\"has-accent-6-background-color has-background has-fixed-layout\"><tbody><tr><td>\u00c9l\u00e9ment <\/td><td>Objectif<\/td><td>Exemple <\/td><\/tr><tr><td>H2<\/td><td>Structurer la page<\/td><td>\u00ab\u00a0Nos services\u00a0\u00bb<\/td><\/tr><tr><td>H3<\/td><td>D\u00e9tail d&rsquo;une section<\/td><td>\u00ab\u00a0Cr\u00e9ation de site\u00a0\u00bb<\/td><\/tr><tr><td>Tableau<\/td><td>Comparer \/ r\u00e9sumer<\/td><td>\u00ab\u00a0Offres &amp; options\u00a0\u00bb<\/td><\/tr><\/tbody><\/table><\/figure>\n\n\n\n<h2 class=\"wp-block-heading\">Colonnes<\/h2>\n\n\n\n<div class=\"wp-block-columns is-layout-flex wp-container-core-columns-is-layout-28f84493 wp-block-columns-is-layout-flex\">\n<div class=\"wp-block-column is-layout-flow wp-block-column-is-layout-flow\">\n<figure class=\"wp-block-image size-full\"><img loading=\"lazy\" decoding=\"async\" width=\"275\" height=\"183\" src=\"https:\/\/wp02.btsndrc-ifce.fr\/wp-content\/uploads\/2026\/01\/Montagne-foret-1.jpg\" alt=\"\" class=\"wp-image-13\"\/><\/figure>\n<\/div>\n\n\n\n<div class=\"wp-block-column is-layout-flow wp-block-column-is-layout-flow\">\n<p>Titre du bloc <\/p>\n\n\n\n<ul class=\"wp-block-list\">\n<li>Point 1<\/li>\n\n\n\n<li>Point 2<\/li>\n\n\n\n<li>Point 3<\/li>\n<\/ul>\n<\/div>\n\n\n\n<div class=\"wp-block-column is-layout-flow wp-block-column-is-layout-flow\">\n<figure class=\"wp-block-image size-full\"><img loading=\"lazy\" decoding=\"async\" width=\"253\" height=\"200\" src=\"https:\/\/wp02.btsndrc-ifce.fr\/wp-content\/uploads\/2026\/01\/ordi-bureaujpg.jpg\" alt=\"\" class=\"wp-image-14\"\/><\/figure>\n<\/div>\n<\/div>\n\n\n\n<div class=\"wp-block-columns is-layout-flex wp-container-core-columns-is-layout-28f84493 wp-block-columns-is-layout-flex\">\n<div class=\"wp-block-column is-layout-flow wp-block-column-is-layout-flow\">\n<p>Titre du bloc<\/p>\n\n\n\n<p>Un texte et son paragraphe.<\/p>\n\n\n\n<div class=\"wp-block-buttons is-layout-flex wp-block-buttons-is-layout-flex\">\n<div class=\"wp-block-button\"><a class=\"wp-block-button__link wp-element-button\">En savoir plus<\/a><\/div>\n<\/div>\n<\/div>\n\n\n\n<div class=\"wp-block-column is-layout-flow wp-block-column-is-layout-flow\">\n<figure class=\"wp-block-image size-full\"><img loading=\"lazy\" decoding=\"async\" width=\"225\" height=\"225\" src=\"https:\/\/wp02.btsndrc-ifce.fr\/wp-content\/uploads\/2026\/01\/ordi-bureau-2.jpg\" alt=\"\" class=\"wp-image-15\" srcset=\"https:\/\/wp02.btsndrc-ifce.fr\/wp-content\/uploads\/2026\/01\/ordi-bureau-2.jpg 225w, https:\/\/wp02.btsndrc-ifce.fr\/wp-content\/uploads\/2026\/01\/ordi-bureau-2-150x150.jpg 150w\" sizes=\"auto, (max-width: 225px) 100vw, 225px\" \/><\/figure>\n<\/div>\n<\/div>\n\n\n\n<h2 class=\"wp-block-heading\">Galerie<\/h2>\n\n\n\n<figure class=\"wp-block-gallery has-nested-images columns-4 is-cropped wp-block-gallery-1 is-layout-flex wp-block-gallery-is-layout-flex\">\n<figure class=\"wp-block-image size-full\"><img loading=\"lazy\" decoding=\"async\" width=\"275\" height=\"183\" data-id=\"29\" src=\"https:\/\/wp02.btsndrc-ifce.fr\/wp-content\/uploads\/2026\/01\/cafe-2.jpg\" alt=\"\" class=\"wp-image-29\" style=\"aspect-ratio:1\"\/><\/figure>\n\n\n\n<figure class=\"wp-block-image size-full\"><img loading=\"lazy\" decoding=\"async\" width=\"275\" height=\"183\" data-id=\"28\" src=\"https:\/\/wp02.btsndrc-ifce.fr\/wp-content\/uploads\/2026\/01\/cascade-1.jpg\" alt=\"\" class=\"wp-image-28\" style=\"aspect-ratio:1\"\/><\/figure>\n\n\n\n<figure class=\"wp-block-image size-full\"><img loading=\"lazy\" decoding=\"async\" width=\"1200\" height=\"689\" data-id=\"32\" src=\"https:\/\/wp02.btsndrc-ifce.fr\/wp-content\/uploads\/2026\/01\/deratisation-rats-souris-1.jpg\" alt=\"\" class=\"wp-image-32\" style=\"aspect-ratio:1\" srcset=\"https:\/\/wp02.btsndrc-ifce.fr\/wp-content\/uploads\/2026\/01\/deratisation-rats-souris-1.jpg 1200w, https:\/\/wp02.btsndrc-ifce.fr\/wp-content\/uploads\/2026\/01\/deratisation-rats-souris-1-300x172.jpg 300w, https:\/\/wp02.btsndrc-ifce.fr\/wp-content\/uploads\/2026\/01\/deratisation-rats-souris-1-1024x588.jpg 1024w, https:\/\/wp02.btsndrc-ifce.fr\/wp-content\/uploads\/2026\/01\/deratisation-rats-souris-1-768x441.jpg 768w\" sizes=\"auto, (max-width: 1200px) 100vw, 1200px\" \/><\/figure>\n\n\n\n<figure class=\"wp-block-image size-full\"><img loading=\"lazy\" decoding=\"async\" width=\"275\" height=\"183\" data-id=\"27\" src=\"https:\/\/wp02.btsndrc-ifce.fr\/wp-content\/uploads\/2026\/01\/montagne-altitude-1.jpg\" alt=\"\" class=\"wp-image-27\" style=\"aspect-ratio:1\"\/><\/figure>\n\n\n\n<figure class=\"wp-block-image size-full\"><img loading=\"lazy\" decoding=\"async\" width=\"284\" height=\"177\" data-id=\"33\" src=\"https:\/\/wp02.btsndrc-ifce.fr\/wp-content\/uploads\/2026\/01\/montagne-basses.jpg\" alt=\"\" class=\"wp-image-33\" style=\"aspect-ratio:1\"\/><\/figure>\n\n\n\n<figure class=\"wp-block-image size-full\"><img loading=\"lazy\" decoding=\"async\" width=\"275\" height=\"183\" data-id=\"30\" src=\"https:\/\/wp02.btsndrc-ifce.fr\/wp-content\/uploads\/2026\/01\/Montagne-foret-3.jpg\" alt=\"\" class=\"wp-image-30\" style=\"aspect-ratio:1\"\/><\/figure>\n\n\n\n<figure class=\"wp-block-image size-full\"><img loading=\"lazy\" decoding=\"async\" width=\"275\" height=\"183\" data-id=\"31\" src=\"https:\/\/wp02.btsndrc-ifce.fr\/wp-content\/uploads\/2026\/01\/montagne-1.jpg\" alt=\"\" class=\"wp-image-31\" style=\"aspect-ratio:1\"\/><\/figure>\n\n\n\n<figure class=\"wp-block-image size-full\"><img loading=\"lazy\" decoding=\"async\" width=\"225\" height=\"225\" data-id=\"34\" src=\"https:\/\/wp02.btsndrc-ifce.fr\/wp-content\/uploads\/2026\/01\/ordi-bureau-2-1.jpg\" alt=\"\" class=\"wp-image-34\" style=\"aspect-ratio:1\" srcset=\"https:\/\/wp02.btsndrc-ifce.fr\/wp-content\/uploads\/2026\/01\/ordi-bureau-2-1.jpg 225w, https:\/\/wp02.btsndrc-ifce.fr\/wp-content\/uploads\/2026\/01\/ordi-bureau-2-1-150x150.jpg 150w\" sizes=\"auto, (max-width: 225px) 100vw, 225px\" \/><\/figure>\n<\/figure>\n\n\n\n<hr class=\"wp-block-separator has-alpha-channel-opacity\"\/>\n\n\n\n<h2 class=\"wp-block-heading\">Nos points forts<\/h2>\n\n\n\n<hr class=\"wp-block-separator has-alpha-channel-opacity\"\/>\n\n\n\n<div class=\"wp-block-columns is-not-stacked-on-mobile is-layout-flex wp-container-core-columns-is-layout-28f84493 wp-block-columns-is-layout-flex\">\n<div class=\"wp-block-column is-layout-flow wp-block-column-is-layout-flow\">\n<div class=\"wp-block-font-awesome-icon wp-font-awesome-icon\"><svg aria-hidden=\"true\" focusable=\"false\" data-prefix=\"fas\" data-icon=\"gear\" class=\"svg-inline--fa fa-gear \" role=\"img\" xmlns=\"http:\/\/www.w3.org\/2000\/svg\" viewBox=\"0 0 512 512\"><path fill=\"currentColor\" d=\"M195.1 9.5C198.1-5.3 211.2-16 226.4-16l59.8 0c15.2 0 28.3 10.7 31.3 25.5L332 79.5c14.1 6 27.3 13.7 39.3 22.8l67.8-22.5c14.4-4.8 30.2 1.2 37.8 14.4l29.9 51.8c7.6 13.2 4.9 29.8-6.5 39.9L447 233.3c.9 7.4 1.3 15 1.3 22.7s-.5 15.3-1.3 22.7l53.4 47.5c11.4 10.1 14 26.8 6.5 39.9l-29.9 51.8c-7.6 13.1-23.4 19.2-37.8 14.4l-67.8-22.5c-12.1 9.1-25.3 16.7-39.3 22.8l-14.4 69.9c-3.1 14.9-16.2 25.5-31.3 25.5l-59.8 0c-15.2 0-28.3-10.7-31.3-25.5l-14.4-69.9c-14.1-6-27.2-13.7-39.3-22.8L73.5 432.3c-14.4 4.8-30.2-1.2-37.8-14.4L5.8 366.1c-7.6-13.2-4.9-29.8 6.5-39.9l53.4-47.5c-.9-7.4-1.3-15-1.3-22.7s.5-15.3 1.3-22.7L12.3 185.8c-11.4-10.1-14-26.8-6.5-39.9L35.7 94.1c7.6-13.2 23.4-19.2 37.8-14.4l67.8 22.5c12.1-9.1 25.3-16.7 39.3-22.8L195.1 9.5zM256.3 336a80 80 0 1 0 -.6-160 80 80 0 1 0 .6 160z\"><\/path><\/svg><\/div>\n<\/div>\n\n\n\n<div class=\"wp-block-column is-layout-flow wp-block-column-is-layout-flow\">\n<h2 class=\"wp-block-heading\" style=\"font-size:0.6rem\">Expertise<\/h2>\n\n\n\n<p style=\"font-size:0.5rem\">Des solutions adapt\u00e9es \u00e0 vos besoins<\/p>\n<\/div>\n\n\n\n<div class=\"wp-block-column is-layout-flow wp-block-column-is-layout-flow\">\n<div class=\"wp-block-font-awesome-icon wp-font-awesome-icon\"><svg aria-hidden=\"true\" focusable=\"false\" data-prefix=\"fas\" data-icon=\"square-check\" class=\"svg-inline--fa fa-square-check \" role=\"img\" xmlns=\"http:\/\/www.w3.org\/2000\/svg\" viewBox=\"0 0 448 512\"><path fill=\"currentColor\" d=\"M384 32c35.3 0 64 28.7 64 64l0 320c0 35.3-28.7 64-64 64L64 480c-35.3 0-64-28.7-64-64L0 96C0 60.7 28.7 32 64 32l320 0zM342 145.7c-10.7-7.8-25.7-5.4-33.5 5.3L189.1 315.2 137 263.1c-9.4-9.4-24.6-9.4-33.9 0s-9.4 24.6 0 33.9l72 72c5 5 11.9 7.5 18.8 7s13.4-4.1 17.5-9.8L347.3 179.2c7.8-10.7 5.4-25.7-5.3-33.5z\"><\/path><\/svg><\/div>\n<\/div>\n\n\n\n<div class=\"wp-block-column is-layout-flow wp-block-column-is-layout-flow\">\n<h2 class=\"wp-block-heading\" style=\"font-size:0.6rem\">Qualit\u00e9<\/h2>\n\n\n\n<p style=\"font-size:0.5rem\">Un service fiable et efficace<\/p>\n<\/div>\n\n\n\n<div class=\"wp-block-column is-layout-flow wp-block-column-is-layout-flow\">\n<div class=\"wp-block-font-awesome-icon wp-font-awesome-icon\"><svg aria-hidden=\"true\" focusable=\"false\" data-prefix=\"fas\" data-icon=\"rocket\" class=\"svg-inline--fa fa-rocket \" role=\"img\" xmlns=\"http:\/\/www.w3.org\/2000\/svg\" viewBox=\"0 0 512 512\"><path fill=\"currentColor\" d=\"M128 320L24.5 320c-24.9 0-40.2-27.1-27.4-48.5L50 183.3C58.7 168.8 74.3 160 91.2 160l95 0c76.1-128.9 189.6-135.4 265.5-124.3 12.8 1.9 22.8 11.9 24.6 24.6 11.1 75.9 4.6 189.4-124.3 265.5l0 95c0 16.9-8.8 32.5-23.3 41.2l-88.2 52.9c-21.3 12.8-48.5-2.6-48.5-27.4L192 384c0-35.3-28.7-64-64-64l-.1 0zM400 160a48 48 0 1 0 -96 0 48 48 0 1 0 96 0z\"><\/path><\/svg><\/div>\n<\/div>\n\n\n\n<div class=\"wp-block-column is-layout-flow wp-block-column-is-layout-flow\">\n<h2 class=\"wp-block-heading\" style=\"font-size:0.6rem\">Performance<\/h2>\n\n\n\n<p style=\"font-size:0.5rem\">Des r\u00e9sultats rapides et concrets<\/p>\n<\/div>\n\n\n\n<div class=\"wp-block-column is-layout-flow wp-block-column-is-layout-flow\">\n<div class=\"wp-block-font-awesome-icon wp-font-awesome-icon\"><svg aria-hidden=\"true\" focusable=\"false\" data-prefix=\"fas\" data-icon=\"shield-halved\" class=\"svg-inline--fa fa-shield-halved \" role=\"img\" xmlns=\"http:\/\/www.w3.org\/2000\/svg\" viewBox=\"0 0 512 512\"><path fill=\"currentColor\" d=\"M256 0c4.6 0 9.2 1 13.4 2.9L457.8 82.8c22 9.3 38.4 31 38.3 57.2-.5 99.2-41.3 280.7-213.6 363.2-16.7 8-36.1 8-52.8 0-172.4-82.5-213.1-264-213.6-363.2-.1-26.2 16.3-47.9 38.3-57.2L242.7 2.9C246.9 1 251.4 0 256 0zm0 66.8l0 378.1c138-66.8 175.1-214.8 176-303.4l-176-74.6 0 0z\"><\/path><\/svg><\/div>\n\n\n\n<p style=\"font-size:0.5rem\">Votre satisfaction, notre priorit\u00e9<\/p>\n<\/div>\n\n\n\n<div class=\"wp-block-column is-layout-flow wp-block-column-is-layout-flow\"><\/div>\n<\/div>\n\n\n\n<p> <\/p>\n","protected":false},"excerpt":{"rendered":"<p>Introduction Bienvenue sur cette page mod\u00e8le. Elle pr\u00e9sente les blocs essentiels \u00e0 utiliser sur WordPress : titres, texte, tableaux, citations, [&hellip;]<\/p>\n","protected":false},"author":1,"featured_media":0,"parent":0,"menu_order":0,"comment_status":"closed","ping_status":"closed","template":"","meta":{"_uag_custom_page_level_css":"","site-sidebar-layout":"default","site-content-layout":"","ast-site-content-layout":"default","site-content-style":"default","site-sidebar-style":"default","ast-global-header-display":"","ast-banner-title-visibility":"","ast-main-header-display":"","ast-hfb-above-header-display":"","ast-hfb-below-header-display":"","ast-hfb-mobile-header-display":"","site-post-title":"","ast-breadcrumbs-content":"","ast-featured-img":"","footer-sml-layout":"","ast-disable-related-posts":"","theme-transparent-header-meta":"","adv-header-id-meta":"","stick-header-meta":"","header-above-stick-meta":"","header-main-stick-meta":"","header-below-stick-meta":"","astra-migrate-meta-layouts":"default","ast-page-background-enabled":"default","ast-page-background-meta":{"desktop":{"background-color":"var(--ast-global-color-5)","background-image":"","background-repeat":"repeat","background-position":"center center","background-size":"auto","background-attachment":"scroll","background-type":"","background-media":"","overlay-type":"","overlay-color":"","overlay-opacity":"","overlay-gradient":""},"tablet":{"background-color":"","background-image":"","background-repeat":"repeat","background-position":"center center","background-size":"auto","background-attachment":"scroll","background-type":"","background-media":"","overlay-type":"","overlay-color":"","overlay-opacity":"","overlay-gradient":""},"mobile":{"background-color":"","background-image":"","background-repeat":"repeat","background-position":"center center","background-size":"auto","background-attachment":"scroll","background-type":"","background-media":"","overlay-type":"","overlay-color":"","overlay-opacity":"","overlay-gradient":""}},"ast-content-background-meta":{"desktop":{"background-color":"var(--ast-global-color-4)","background-image":"","background-repeat":"repeat","background-position":"center center","background-size":"auto","background-attachment":"scroll","background-type":"","background-media":"","overlay-type":"","overlay-color":"","overlay-opacity":"","overlay-gradient":""},"tablet":{"background-color":"var(--ast-global-color-4)","background-image":"","background-repeat":"repeat","background-position":"center center","background-size":"auto","background-attachment":"scroll","background-type":"","background-media":"","overlay-type":"","overlay-color":"","overlay-opacity":"","overlay-gradient":""},"mobile":{"background-color":"var(--ast-global-color-4)","background-image":"","background-repeat":"repeat","background-position":"center center","background-size":"auto","background-attachment":"scroll","background-type":"","background-media":"","overlay-type":"","overlay-color":"","overlay-opacity":"","overlay-gradient":""}},"footnotes":""},"class_list":["post-11","page","type-page","status-publish","hentry"],"yoast_head":"<!-- This site is optimized with the Yoast SEO plugin v27.2 - https:\/\/yoast.com\/product\/yoast-seo-wordpress\/ -->\n<title>Exercice 1 - BTS NDRC - WordPress wp02<\/title>\n<meta name=\"robots\" content=\"noindex, follow, max-snippet:-1, max-image-preview:large, max-video-preview:-1\" \/>\n<meta property=\"og:locale\" content=\"fr_FR\" \/>\n<meta property=\"og:type\" content=\"article\" \/>\n<meta property=\"og:title\" content=\"Exercice 1 - BTS NDRC - WordPress wp02\" \/>\n<meta property=\"og:description\" content=\"Introduction Bienvenue sur cette page mod\u00e8le. Elle pr\u00e9sente les blocs essentiels \u00e0 utiliser sur WordPress : titres, texte, tableaux, citations, [&hellip;]\" \/>\n<meta property=\"og:url\" content=\"https:\/\/wp02.btsndrc-ifce.fr\/index.php\/exercice-1\/\" \/>\n<meta property=\"og:site_name\" content=\"BTS NDRC - WordPress wp02\" \/>\n<meta property=\"article:modified_time\" content=\"2026-01-22T14:54:11+00:00\" \/>\n<meta property=\"og:image\" content=\"https:\/\/wp02.btsndrc-ifce.fr\/wp-content\/uploads\/2026\/01\/Montagne-foret-1.jpg\" \/>\n<meta name=\"twitter:card\" content=\"summary_large_image\" \/>\n<meta name=\"twitter:label1\" content=\"Dur\u00e9e de lecture estim\u00e9e\" \/>\n\t<meta name=\"twitter:data1\" content=\"1 minute\" \/>\n<script type=\"application\/ld+json\" class=\"yoast-schema-graph\">{\"@context\":\"https:\/\/schema.org\",\"@graph\":[{\"@type\":\"WebPage\",\"@id\":\"https:\/\/wp02.btsndrc-ifce.fr\/index.php\/exercice-1\/\",\"url\":\"https:\/\/wp02.btsndrc-ifce.fr\/index.php\/exercice-1\/\",\"name\":\"Exercice 1 - BTS NDRC - WordPress wp02\",\"isPartOf\":{\"@id\":\"https:\/\/wp02.btsndrc-ifce.fr\/#website\"},\"primaryImageOfPage\":{\"@id\":\"https:\/\/wp02.btsndrc-ifce.fr\/index.php\/exercice-1\/#primaryimage\"},\"image\":{\"@id\":\"https:\/\/wp02.btsndrc-ifce.fr\/index.php\/exercice-1\/#primaryimage\"},\"thumbnailUrl\":\"https:\/\/wp02.btsndrc-ifce.fr\/wp-content\/uploads\/2026\/01\/Montagne-foret-1.jpg\",\"datePublished\":\"2026-01-22T13:51:50+00:00\",\"dateModified\":\"2026-01-22T14:54:11+00:00\",\"breadcrumb\":{\"@id\":\"https:\/\/wp02.btsndrc-ifce.fr\/index.php\/exercice-1\/#breadcrumb\"},\"inLanguage\":\"fr-FR\",\"potentialAction\":[{\"@type\":\"ReadAction\",\"target\":[\"https:\/\/wp02.btsndrc-ifce.fr\/index.php\/exercice-1\/\"]}]},{\"@type\":\"ImageObject\",\"inLanguage\":\"fr-FR\",\"@id\":\"https:\/\/wp02.btsndrc-ifce.fr\/index.php\/exercice-1\/#primaryimage\",\"url\":\"https:\/\/wp02.btsndrc-ifce.fr\/wp-content\/uploads\/2026\/01\/Montagne-foret-1.jpg\",\"contentUrl\":\"https:\/\/wp02.btsndrc-ifce.fr\/wp-content\/uploads\/2026\/01\/Montagne-foret-1.jpg\",\"width\":275,\"height\":183},{\"@type\":\"BreadcrumbList\",\"@id\":\"https:\/\/wp02.btsndrc-ifce.fr\/index.php\/exercice-1\/#breadcrumb\",\"itemListElement\":[{\"@type\":\"ListItem\",\"position\":1,\"name\":\"Accueil\",\"item\":\"https:\/\/wp02.btsndrc-ifce.fr\/\"},{\"@type\":\"ListItem\",\"position\":2,\"name\":\"Exercice 1\"}]},{\"@type\":\"WebSite\",\"@id\":\"https:\/\/wp02.btsndrc-ifce.fr\/#website\",\"url\":\"https:\/\/wp02.btsndrc-ifce.fr\/\",\"name\":\"BTS NDRC - WordPress wp02\",\"description\":\"\",\"potentialAction\":[{\"@type\":\"SearchAction\",\"target\":{\"@type\":\"EntryPoint\",\"urlTemplate\":\"https:\/\/wp02.btsndrc-ifce.fr\/?s={search_term_string}\"},\"query-input\":{\"@type\":\"PropertyValueSpecification\",\"valueRequired\":true,\"valueName\":\"search_term_string\"}}],\"inLanguage\":\"fr-FR\"}]}<\/script>\n<!-- \/ Yoast SEO plugin. -->","yoast_head_json":{"title":"Exercice 1 - BTS NDRC - WordPress wp02","robots":{"index":"noindex","follow":"follow","max-snippet":"max-snippet:-1","max-image-preview":"max-image-preview:large","max-video-preview":"max-video-preview:-1"},"og_locale":"fr_FR","og_type":"article","og_title":"Exercice 1 - BTS NDRC - WordPress wp02","og_description":"Introduction Bienvenue sur cette page mod\u00e8le. Elle pr\u00e9sente les blocs essentiels \u00e0 utiliser sur WordPress : titres, texte, tableaux, citations, [&hellip;]","og_url":"https:\/\/wp02.btsndrc-ifce.fr\/index.php\/exercice-1\/","og_site_name":"BTS NDRC - WordPress wp02","article_modified_time":"2026-01-22T14:54:11+00:00","og_image":[{"url":"https:\/\/wp02.btsndrc-ifce.fr\/wp-content\/uploads\/2026\/01\/Montagne-foret-1.jpg","type":"","width":"","height":""}],"twitter_card":"summary_large_image","twitter_misc":{"Dur\u00e9e de lecture estim\u00e9e":"1 minute"},"schema":{"@context":"https:\/\/schema.org","@graph":[{"@type":"WebPage","@id":"https:\/\/wp02.btsndrc-ifce.fr\/index.php\/exercice-1\/","url":"https:\/\/wp02.btsndrc-ifce.fr\/index.php\/exercice-1\/","name":"Exercice 1 - BTS NDRC - WordPress wp02","isPartOf":{"@id":"https:\/\/wp02.btsndrc-ifce.fr\/#website"},"primaryImageOfPage":{"@id":"https:\/\/wp02.btsndrc-ifce.fr\/index.php\/exercice-1\/#primaryimage"},"image":{"@id":"https:\/\/wp02.btsndrc-ifce.fr\/index.php\/exercice-1\/#primaryimage"},"thumbnailUrl":"https:\/\/wp02.btsndrc-ifce.fr\/wp-content\/uploads\/2026\/01\/Montagne-foret-1.jpg","datePublished":"2026-01-22T13:51:50+00:00","dateModified":"2026-01-22T14:54:11+00:00","breadcrumb":{"@id":"https:\/\/wp02.btsndrc-ifce.fr\/index.php\/exercice-1\/#breadcrumb"},"inLanguage":"fr-FR","potentialAction":[{"@type":"ReadAction","target":["https:\/\/wp02.btsndrc-ifce.fr\/index.php\/exercice-1\/"]}]},{"@type":"ImageObject","inLanguage":"fr-FR","@id":"https:\/\/wp02.btsndrc-ifce.fr\/index.php\/exercice-1\/#primaryimage","url":"https:\/\/wp02.btsndrc-ifce.fr\/wp-content\/uploads\/2026\/01\/Montagne-foret-1.jpg","contentUrl":"https:\/\/wp02.btsndrc-ifce.fr\/wp-content\/uploads\/2026\/01\/Montagne-foret-1.jpg","width":275,"height":183},{"@type":"BreadcrumbList","@id":"https:\/\/wp02.btsndrc-ifce.fr\/index.php\/exercice-1\/#breadcrumb","itemListElement":[{"@type":"ListItem","position":1,"name":"Accueil","item":"https:\/\/wp02.btsndrc-ifce.fr\/"},{"@type":"ListItem","position":2,"name":"Exercice 1"}]},{"@type":"WebSite","@id":"https:\/\/wp02.btsndrc-ifce.fr\/#website","url":"https:\/\/wp02.btsndrc-ifce.fr\/","name":"BTS NDRC - WordPress wp02","description":"","potentialAction":[{"@type":"SearchAction","target":{"@type":"EntryPoint","urlTemplate":"https:\/\/wp02.btsndrc-ifce.fr\/?s={search_term_string}"},"query-input":{"@type":"PropertyValueSpecification","valueRequired":true,"valueName":"search_term_string"}}],"inLanguage":"fr-FR"}]}},"uagb_featured_image_src":{"full":false,"thumbnail":false,"medium":false,"medium_large":false,"large":false,"1536x1536":false,"2048x2048":false},"uagb_author_info":{"display_name":"ndrc_wp02","author_link":"https:\/\/wp02.btsndrc-ifce.fr\/index.php\/author\/ndrc_wp02\/"},"uagb_comment_info":0,"uagb_excerpt":"Introduction Bienvenue sur cette page mod\u00e8le. Elle pr\u00e9sente les blocs essentiels \u00e0 utiliser sur WordPress : titres, texte, tableaux, citations, [&hellip;]","_links":{"self":[{"href":"https:\/\/wp02.btsndrc-ifce.fr\/index.php\/wp-json\/wp\/v2\/pages\/11","targetHints":{"allow":["GET"]}}],"collection":[{"href":"https:\/\/wp02.btsndrc-ifce.fr\/index.php\/wp-json\/wp\/v2\/pages"}],"about":[{"href":"https:\/\/wp02.btsndrc-ifce.fr\/index.php\/wp-json\/wp\/v2\/types\/page"}],"author":[{"embeddable":true,"href":"https:\/\/wp02.btsndrc-ifce.fr\/index.php\/wp-json\/wp\/v2\/users\/1"}],"replies":[{"embeddable":true,"href":"https:\/\/wp02.btsndrc-ifce.fr\/index.php\/wp-json\/wp\/v2\/comments?post=11"}],"version-history":[{"count":4,"href":"https:\/\/wp02.btsndrc-ifce.fr\/index.php\/wp-json\/wp\/v2\/pages\/11\/revisions"}],"predecessor-version":[{"id":25,"href":"https:\/\/wp02.btsndrc-ifce.fr\/index.php\/wp-json\/wp\/v2\/pages\/11\/revisions\/25"}],"wp:attachment":[{"href":"https:\/\/wp02.btsndrc-ifce.fr\/index.php\/wp-json\/wp\/v2\/media?parent=11"}],"curies":[{"name":"wp","href":"https:\/\/api.w.org\/{rel}","templated":true}]}}