{"id":37,"date":"2026-01-29T13:58:51","date_gmt":"2026-01-29T12:58:51","guid":{"rendered":"https:\/\/wp02.btsndrc-ifce.fr\/?page_id=37"},"modified":"2026-02-05T14:39:50","modified_gmt":"2026-02-05T13:39:50","slug":"ohmyfood","status":"publish","type":"page","link":"https:\/\/wp02.btsndrc-ifce.fr\/index.php\/ohmyfood\/","title":{"rendered":"Ohmyfood"},"content":{"rendered":"\n<figure class=\"wp-block-image size-full\"><img loading=\"lazy\" decoding=\"async\" width=\"392\" height=\"68\" src=\"https:\/\/wp02.btsndrc-ifce.fr\/wp-content\/uploads\/2026\/02\/2026-01-29_ohmyfood2.png\" alt=\"\" class=\"wp-image-41\" srcset=\"https:\/\/wp02.btsndrc-ifce.fr\/wp-content\/uploads\/2026\/02\/2026-01-29_ohmyfood2.png 392w, https:\/\/wp02.btsndrc-ifce.fr\/wp-content\/uploads\/2026\/02\/2026-01-29_ohmyfood2-300x52.png 300w\" sizes=\"auto, (max-width: 392px) 100vw, 392px\" \/><\/figure>\n\n\n\n<div class=\"wp-block-columns is-not-stacked-on-mobile is-layout-flex wp-container-core-columns-is-layout-28f84493 wp-block-columns-is-layout-flex\">\n<div class=\"wp-block-column is-layout-flow wp-block-column-is-layout-flow\" style=\"flex-basis:33.33%\">\n<div class=\"wp-block-font-awesome-icon wp-font-awesome-icon\" style=\"padding-top:0;padding-right:var(--wp--preset--spacing--80);padding-bottom:0;padding-left:var(--wp--preset--spacing--80)\"><svg aria-hidden=\"true\" focusable=\"false\" data-prefix=\"fas\" data-icon=\"location-dot\" class=\"svg-inline--fa fa-location-dot \" role=\"img\" xmlns=\"http:\/\/www.w3.org\/2000\/svg\" viewBox=\"0 0 384 512\"><path fill=\"currentColor\" d=\"M0 188.6C0 84.4 86 0 192 0S384 84.4 384 188.6c0 119.3-120.2 262.3-170.4 316.8-11.8 12.8-31.5 12.8-43.3 0-50.2-54.5-170.4-197.5-170.4-316.8zM192 256a64 64 0 1 0 0-128 64 64 0 1 0 0 128z\"><\/path><\/svg><\/div>\n<\/div>\n\n\n\n<div class=\"wp-block-column is-style-default is-layout-flow wp-block-column-is-layout-flow\" style=\"flex-basis:66.66%\">\n<p>Paris, Belleville<\/p>\n<\/div>\n<\/div>\n\n\n\n<div class=\"wp-block-columns has-background is-layout-flex wp-container-core-columns-is-layout-28f84493 wp-block-columns-is-layout-flex\" style=\"background-color:#eeecec\">\n<div class=\"wp-block-column is-layout-flow wp-block-column-is-layout-flow\">\n<h2 class=\"wp-block-heading has-text-align-center has-x-large-font-size\">R\u00e9servez le menu qui vous convient<\/h2>\n<\/div>\n\n\n\n<div class=\"wp-block-column is-layout-flow wp-block-column-is-layout-flow\">\n<p class=\"has-text-align-center has-small-font-size\">D\u00e9couvrez des restaurants d&rsquo;exception, s\u00e9lectionn\u00e9s par nos soins<\/p>\n<\/div>\n\n\n\n<div class=\"wp-block-column is-layout-flow wp-block-column-is-layout-flow\">\n<div class=\"wp-block-buttons is-layout-flex wp-block-buttons-is-layout-flex\">\n<div class=\"wp-block-button\"><a class=\"wp-block-button__link has-background wp-element-button\" style=\"background:linear-gradient(135deg,rgb(155,81,224) 98%,rgb(6,147,227) 100%)\">Explorez nos restaurants<\/a><\/div>\n<\/div>\n<\/div>\n<\/div>\n\n\n\n<h2 class=\"wp-block-heading has-large-font-size\"><strong>Fonctionnement<\/strong><\/h2>\n\n\n\n<div class=\"wp-block-columns is-not-stacked-on-mobile is-layout-flex wp-container-core-columns-is-layout-28f84493 wp-block-columns-is-layout-flex\">\n<div class=\"wp-block-column is-layout-flow wp-block-column-is-layout-flow\" style=\"flex-basis:1%\">\n<div class=\"wp-block-font-awesome-icon wp-font-awesome-icon\"><svg aria-hidden=\"true\" focusable=\"false\" data-prefix=\"fas\" data-icon=\"1\" class=\"svg-inline--fa fa-1 \" role=\"img\" xmlns=\"http:\/\/www.w3.org\/2000\/svg\" viewBox=\"0 0 256 512\"><path fill=\"currentColor\" d=\"M32 32C14.3 32 0 46.3 0 64S14.3 96 32 96l64 0 0 320-64 0c-17.7 0-32 14.3-32 32s14.3 32 32 32l192 0c17.7 0 32-14.3 32-32s-14.3-32-32-32l-64 0 0-352c0-17.7-14.3-32-32-32L32 32z\"><\/path><\/svg><\/div>\n<\/div>\n\n\n\n<div class=\"wp-block-column has-accent-6-background-color has-background is-layout-flow wp-block-column-is-layout-flow\" style=\"flex-basis:66.66%\">\n<div class=\"wp-block-columns is-not-stacked-on-mobile is-layout-flex wp-container-core-columns-is-layout-28f84493 wp-block-columns-is-layout-flex\">\n<div class=\"wp-block-column is-layout-flow wp-block-column-is-layout-flow\" style=\"flex-basis:1%\">\n<div class=\"wp-block-font-awesome-icon wp-font-awesome-icon\"><svg aria-hidden=\"true\" focusable=\"false\" data-prefix=\"fas\" data-icon=\"mobile-screen-button\" class=\"svg-inline--fa fa-mobile-screen-button \" role=\"img\" xmlns=\"http:\/\/www.w3.org\/2000\/svg\" viewBox=\"0 0 384 512\"><path fill=\"currentColor\" d=\"M16 64C16 28.7 44.7 0 80 0L304 0c35.3 0 64 28.7 64 64l0 384c0 35.3-28.7 64-64 64L80 512c-35.3 0-64-28.7-64-64L16 64zm64 0l0 304 224 0 0-304-224 0zM192 472c17.7 0 32-14.3 32-32s-14.3-32-32-32-32 14.3-32 32 14.3 32 32 32z\"><\/path><\/svg><\/div>\n<\/div>\n\n\n\n<div class=\"wp-block-column has-background is-layout-flow wp-block-column-is-layout-flow\" style=\"background-color:#d9d9d9;flex-basis:100%\">\n<p class=\"has-small-font-size\" style=\"margin-top:0;margin-right:0;margin-bottom:0;margin-left:0\">Choisissez un restaurant<\/p>\n<\/div>\n<\/div>\n<\/div>\n<\/div>\n\n\n\n<div class=\"wp-block-columns is-not-stacked-on-mobile is-layout-flex wp-container-core-columns-is-layout-28f84493 wp-block-columns-is-layout-flex\">\n<div class=\"wp-block-column is-layout-flow wp-block-column-is-layout-flow\" style=\"flex-basis:1%\">\n<div class=\"wp-block-font-awesome-icon wp-font-awesome-icon\"><svg aria-hidden=\"true\" focusable=\"false\" data-prefix=\"fas\" data-icon=\"1\" class=\"svg-inline--fa fa-1 \" role=\"img\" xmlns=\"http:\/\/www.w3.org\/2000\/svg\" viewBox=\"0 0 256 512\"><path fill=\"currentColor\" d=\"M32 32C14.3 32 0 46.3 0 64S14.3 96 32 96l64 0 0 320-64 0c-17.7 0-32 14.3-32 32s14.3 32 32 32l192 0c17.7 0 32-14.3 32-32s-14.3-32-32-32l-64 0 0-352c0-17.7-14.3-32-32-32L32 32z\"><\/path><\/svg><\/div>\n<\/div>\n\n\n\n<div class=\"wp-block-column has-accent-6-background-color has-background is-layout-flow wp-block-column-is-layout-flow\" style=\"flex-basis:66.66%\">\n<div class=\"wp-block-columns is-not-stacked-on-mobile is-layout-flex wp-container-core-columns-is-layout-28f84493 wp-block-columns-is-layout-flex\">\n<div class=\"wp-block-column is-layout-flow wp-block-column-is-layout-flow\" style=\"flex-basis:1%\">\n<div class=\"wp-block-font-awesome-icon wp-font-awesome-icon\"><svg aria-hidden=\"true\" focusable=\"false\" data-prefix=\"fas\" data-icon=\"mobile-screen-button\" class=\"svg-inline--fa fa-mobile-screen-button \" role=\"img\" xmlns=\"http:\/\/www.w3.org\/2000\/svg\" viewBox=\"0 0 384 512\"><path fill=\"currentColor\" d=\"M16 64C16 28.7 44.7 0 80 0L304 0c35.3 0 64 28.7 64 64l0 384c0 35.3-28.7 64-64 64L80 512c-35.3 0-64-28.7-64-64L16 64zm64 0l0 304 224 0 0-304-224 0zM192 472c17.7 0 32-14.3 32-32s-14.3-32-32-32-32 14.3-32 32 14.3 32 32 32z\"><\/path><\/svg><\/div>\n<\/div>\n\n\n\n<div class=\"wp-block-column has-background is-layout-flow wp-block-column-is-layout-flow\" style=\"background-color:#d9d9d9;flex-basis:100%\">\n<p class=\"has-small-font-size\" style=\"margin-top:0;margin-right:0;margin-bottom:0;margin-left:0\">Choisissez un restaurant<\/p>\n<\/div>\n<\/div>\n<\/div>\n<\/div>\n\n\n\n<div class=\"wp-block-columns is-not-stacked-on-mobile is-layout-flex wp-container-core-columns-is-layout-28f84493 wp-block-columns-is-layout-flex\">\n<div class=\"wp-block-column is-layout-flow wp-block-column-is-layout-flow\" style=\"flex-basis:1%\">\n<div class=\"wp-block-font-awesome-icon wp-font-awesome-icon\"><svg aria-hidden=\"true\" focusable=\"false\" data-prefix=\"fas\" data-icon=\"1\" class=\"svg-inline--fa fa-1 \" role=\"img\" xmlns=\"http:\/\/www.w3.org\/2000\/svg\" viewBox=\"0 0 256 512\"><path fill=\"currentColor\" d=\"M32 32C14.3 32 0 46.3 0 64S14.3 96 32 96l64 0 0 320-64 0c-17.7 0-32 14.3-32 32s14.3 32 32 32l192 0c17.7 0 32-14.3 32-32s-14.3-32-32-32l-64 0 0-352c0-17.7-14.3-32-32-32L32 32z\"><\/path><\/svg><\/div>\n<\/div>\n\n\n\n<div class=\"wp-block-column has-accent-6-background-color has-background is-layout-flow wp-block-column-is-layout-flow\" style=\"flex-basis:66.66%\">\n<div class=\"wp-block-columns is-not-stacked-on-mobile is-layout-flex wp-container-core-columns-is-layout-28f84493 wp-block-columns-is-layout-flex\">\n<div class=\"wp-block-column is-layout-flow wp-block-column-is-layout-flow\" style=\"flex-basis:1%\">\n<div class=\"wp-block-font-awesome-icon wp-font-awesome-icon\"><svg aria-hidden=\"true\" focusable=\"false\" data-prefix=\"fas\" data-icon=\"mobile-screen-button\" class=\"svg-inline--fa fa-mobile-screen-button \" role=\"img\" xmlns=\"http:\/\/www.w3.org\/2000\/svg\" viewBox=\"0 0 384 512\"><path fill=\"currentColor\" d=\"M16 64C16 28.7 44.7 0 80 0L304 0c35.3 0 64 28.7 64 64l0 384c0 35.3-28.7 64-64 64L80 512c-35.3 0-64-28.7-64-64L16 64zm64 0l0 304 224 0 0-304-224 0zM192 472c17.7 0 32-14.3 32-32s-14.3-32-32-32-32 14.3-32 32 14.3 32 32 32z\"><\/path><\/svg><\/div>\n<\/div>\n\n\n\n<div class=\"wp-block-column has-background is-layout-flow wp-block-column-is-layout-flow\" style=\"background-color:#d9d9d9;flex-basis:100%\">\n<p class=\"has-small-font-size\" style=\"margin-top:0;margin-right:0;margin-bottom:0;margin-left:0\">Choisissez un restaurant<\/p>\n<\/div>\n<\/div>\n<\/div>\n<\/div>\n\n\n\n<p><\/p>\n\n\n\n<p><\/p>\n","protected":false},"excerpt":{"rendered":"<p>Paris, Belleville R\u00e9servez le menu qui vous convient D\u00e9couvrez des restaurants d&rsquo;exception, s\u00e9lectionn\u00e9s par nos soins Fonctionnement Choisissez un restaurant [&hellip;]<\/p>\n","protected":false},"author":1,"featured_media":0,"parent":0,"menu_order":0,"comment_status":"closed","ping_status":"closed","template":"","meta":{"_uag_custom_page_level_css":"","site-sidebar-layout":"default","site-content-layout":"","ast-site-content-layout":"default","site-content-style":"default","site-sidebar-style":"default","ast-global-header-display":"","ast-banner-title-visibility":"","ast-main-header-display":"","ast-hfb-above-header-display":"","ast-hfb-below-header-display":"","ast-hfb-mobile-header-display":"","site-post-title":"","ast-breadcrumbs-content":"","ast-featured-img":"","footer-sml-layout":"","ast-disable-related-posts":"","theme-transparent-header-meta":"","adv-header-id-meta":"","stick-header-meta":"","header-above-stick-meta":"","header-main-stick-meta":"","header-below-stick-meta":"","astra-migrate-meta-layouts":"default","ast-page-background-enabled":"default","ast-page-background-meta":{"desktop":{"background-color":"var(--ast-global-color-5)","background-image":"","background-repeat":"repeat","background-position":"center center","background-size":"auto","background-attachment":"scroll","background-type":"","background-media":"","overlay-type":"","overlay-color":"","overlay-opacity":"","overlay-gradient":""},"tablet":{"background-color":"","background-image":"","background-repeat":"repeat","background-position":"center center","background-size":"auto","background-attachment":"scroll","background-type":"","background-media":"","overlay-type":"","overlay-color":"","overlay-opacity":"","overlay-gradient":""},"mobile":{"background-color":"","background-image":"","background-repeat":"repeat","background-position":"center center","background-size":"auto","background-attachment":"scroll","background-type":"","background-media":"","overlay-type":"","overlay-color":"","overlay-opacity":"","overlay-gradient":""}},"ast-content-background-meta":{"desktop":{"background-color":"var(--ast-global-color-4)","background-image":"","background-repeat":"repeat","background-position":"center center","background-size":"auto","background-attachment":"scroll","background-type":"","background-media":"","overlay-type":"","overlay-color":"","overlay-opacity":"","overlay-gradient":""},"tablet":{"background-color":"var(--ast-global-color-4)","background-image":"","background-repeat":"repeat","background-position":"center center","background-size":"auto","background-attachment":"scroll","background-type":"","background-media":"","overlay-type":"","overlay-color":"","overlay-opacity":"","overlay-gradient":""},"mobile":{"background-color":"var(--ast-global-color-4)","background-image":"","background-repeat":"repeat","background-position":"center center","background-size":"auto","background-attachment":"scroll","background-type":"","background-media":"","overlay-type":"","overlay-color":"","overlay-opacity":"","overlay-gradient":""}},"footnotes":""},"class_list":["post-37","page","type-page","status-publish","hentry"],"yoast_head":"<!-- This site is optimized with the Yoast SEO plugin v27.2 - https:\/\/yoast.com\/product\/yoast-seo-wordpress\/ -->\n<title>Ohmyfood - BTS NDRC - WordPress wp02<\/title>\n<meta name=\"robots\" content=\"noindex, follow, max-snippet:-1, max-image-preview:large, max-video-preview:-1\" \/>\n<meta property=\"og:locale\" content=\"fr_FR\" \/>\n<meta property=\"og:type\" content=\"article\" \/>\n<meta property=\"og:title\" content=\"Ohmyfood - BTS NDRC - WordPress wp02\" \/>\n<meta property=\"og:description\" content=\"Paris, Belleville R\u00e9servez le menu qui vous convient D\u00e9couvrez des restaurants d&rsquo;exception, s\u00e9lectionn\u00e9s par nos soins Fonctionnement Choisissez un restaurant [&hellip;]\" \/>\n<meta property=\"og:url\" content=\"https:\/\/wp02.btsndrc-ifce.fr\/index.php\/ohmyfood\/\" \/>\n<meta property=\"og:site_name\" content=\"BTS NDRC - WordPress wp02\" \/>\n<meta property=\"article:modified_time\" content=\"2026-02-05T13:39:50+00:00\" \/>\n<meta property=\"og:image\" content=\"https:\/\/wp02.btsndrc-ifce.fr\/wp-content\/uploads\/2026\/02\/2026-01-29_ohmyfood2.png\" \/>\n<meta name=\"twitter:card\" content=\"summary_large_image\" \/>\n<script type=\"application\/ld+json\" class=\"yoast-schema-graph\">{\"@context\":\"https:\/\/schema.org\",\"@graph\":[{\"@type\":\"WebPage\",\"@id\":\"https:\/\/wp02.btsndrc-ifce.fr\/index.php\/ohmyfood\/\",\"url\":\"https:\/\/wp02.btsndrc-ifce.fr\/index.php\/ohmyfood\/\",\"name\":\"Ohmyfood - BTS NDRC - WordPress wp02\",\"isPartOf\":{\"@id\":\"https:\/\/wp02.btsndrc-ifce.fr\/#website\"},\"primaryImageOfPage\":{\"@id\":\"https:\/\/wp02.btsndrc-ifce.fr\/index.php\/ohmyfood\/#primaryimage\"},\"image\":{\"@id\":\"https:\/\/wp02.btsndrc-ifce.fr\/index.php\/ohmyfood\/#primaryimage\"},\"thumbnailUrl\":\"https:\/\/wp02.btsndrc-ifce.fr\/wp-content\/uploads\/2026\/02\/2026-01-29_ohmyfood2.png\",\"datePublished\":\"2026-01-29T12:58:51+00:00\",\"dateModified\":\"2026-02-05T13:39:50+00:00\",\"breadcrumb\":{\"@id\":\"https:\/\/wp02.btsndrc-ifce.fr\/index.php\/ohmyfood\/#breadcrumb\"},\"inLanguage\":\"fr-FR\",\"potentialAction\":[{\"@type\":\"ReadAction\",\"target\":[\"https:\/\/wp02.btsndrc-ifce.fr\/index.php\/ohmyfood\/\"]}]},{\"@type\":\"ImageObject\",\"inLanguage\":\"fr-FR\",\"@id\":\"https:\/\/wp02.btsndrc-ifce.fr\/index.php\/ohmyfood\/#primaryimage\",\"url\":\"https:\/\/wp02.btsndrc-ifce.fr\/wp-content\/uploads\/2026\/02\/2026-01-29_ohmyfood2.png\",\"contentUrl\":\"https:\/\/wp02.btsndrc-ifce.fr\/wp-content\/uploads\/2026\/02\/2026-01-29_ohmyfood2.png\",\"width\":392,\"height\":68},{\"@type\":\"BreadcrumbList\",\"@id\":\"https:\/\/wp02.btsndrc-ifce.fr\/index.php\/ohmyfood\/#breadcrumb\",\"itemListElement\":[{\"@type\":\"ListItem\",\"position\":1,\"name\":\"Accueil\",\"item\":\"https:\/\/wp02.btsndrc-ifce.fr\/\"},{\"@type\":\"ListItem\",\"position\":2,\"name\":\"Ohmyfood\"}]},{\"@type\":\"WebSite\",\"@id\":\"https:\/\/wp02.btsndrc-ifce.fr\/#website\",\"url\":\"https:\/\/wp02.btsndrc-ifce.fr\/\",\"name\":\"BTS NDRC - WordPress wp02\",\"description\":\"\",\"potentialAction\":[{\"@type\":\"SearchAction\",\"target\":{\"@type\":\"EntryPoint\",\"urlTemplate\":\"https:\/\/wp02.btsndrc-ifce.fr\/?s={search_term_string}\"},\"query-input\":{\"@type\":\"PropertyValueSpecification\",\"valueRequired\":true,\"valueName\":\"search_term_string\"}}],\"inLanguage\":\"fr-FR\"}]}<\/script>\n<!-- \/ Yoast SEO plugin. -->","yoast_head_json":{"title":"Ohmyfood - BTS NDRC - WordPress wp02","robots":{"index":"noindex","follow":"follow","max-snippet":"max-snippet:-1","max-image-preview":"max-image-preview:large","max-video-preview":"max-video-preview:-1"},"og_locale":"fr_FR","og_type":"article","og_title":"Ohmyfood - BTS NDRC - WordPress wp02","og_description":"Paris, Belleville R\u00e9servez le menu qui vous convient D\u00e9couvrez des restaurants d&rsquo;exception, s\u00e9lectionn\u00e9s par nos soins Fonctionnement Choisissez un restaurant [&hellip;]","og_url":"https:\/\/wp02.btsndrc-ifce.fr\/index.php\/ohmyfood\/","og_site_name":"BTS NDRC - WordPress wp02","article_modified_time":"2026-02-05T13:39:50+00:00","og_image":[{"url":"https:\/\/wp02.btsndrc-ifce.fr\/wp-content\/uploads\/2026\/02\/2026-01-29_ohmyfood2.png","type":"","width":"","height":""}],"twitter_card":"summary_large_image","schema":{"@context":"https:\/\/schema.org","@graph":[{"@type":"WebPage","@id":"https:\/\/wp02.btsndrc-ifce.fr\/index.php\/ohmyfood\/","url":"https:\/\/wp02.btsndrc-ifce.fr\/index.php\/ohmyfood\/","name":"Ohmyfood - BTS NDRC - WordPress wp02","isPartOf":{"@id":"https:\/\/wp02.btsndrc-ifce.fr\/#website"},"primaryImageOfPage":{"@id":"https:\/\/wp02.btsndrc-ifce.fr\/index.php\/ohmyfood\/#primaryimage"},"image":{"@id":"https:\/\/wp02.btsndrc-ifce.fr\/index.php\/ohmyfood\/#primaryimage"},"thumbnailUrl":"https:\/\/wp02.btsndrc-ifce.fr\/wp-content\/uploads\/2026\/02\/2026-01-29_ohmyfood2.png","datePublished":"2026-01-29T12:58:51+00:00","dateModified":"2026-02-05T13:39:50+00:00","breadcrumb":{"@id":"https:\/\/wp02.btsndrc-ifce.fr\/index.php\/ohmyfood\/#breadcrumb"},"inLanguage":"fr-FR","potentialAction":[{"@type":"ReadAction","target":["https:\/\/wp02.btsndrc-ifce.fr\/index.php\/ohmyfood\/"]}]},{"@type":"ImageObject","inLanguage":"fr-FR","@id":"https:\/\/wp02.btsndrc-ifce.fr\/index.php\/ohmyfood\/#primaryimage","url":"https:\/\/wp02.btsndrc-ifce.fr\/wp-content\/uploads\/2026\/02\/2026-01-29_ohmyfood2.png","contentUrl":"https:\/\/wp02.btsndrc-ifce.fr\/wp-content\/uploads\/2026\/02\/2026-01-29_ohmyfood2.png","width":392,"height":68},{"@type":"BreadcrumbList","@id":"https:\/\/wp02.btsndrc-ifce.fr\/index.php\/ohmyfood\/#breadcrumb","itemListElement":[{"@type":"ListItem","position":1,"name":"Accueil","item":"https:\/\/wp02.btsndrc-ifce.fr\/"},{"@type":"ListItem","position":2,"name":"Ohmyfood"}]},{"@type":"WebSite","@id":"https:\/\/wp02.btsndrc-ifce.fr\/#website","url":"https:\/\/wp02.btsndrc-ifce.fr\/","name":"BTS NDRC - WordPress wp02","description":"","potentialAction":[{"@type":"SearchAction","target":{"@type":"EntryPoint","urlTemplate":"https:\/\/wp02.btsndrc-ifce.fr\/?s={search_term_string}"},"query-input":{"@type":"PropertyValueSpecification","valueRequired":true,"valueName":"search_term_string"}}],"inLanguage":"fr-FR"}]}},"uagb_featured_image_src":{"full":false,"thumbnail":false,"medium":false,"medium_large":false,"large":false,"1536x1536":false,"2048x2048":false},"uagb_author_info":{"display_name":"ndrc_wp02","author_link":"https:\/\/wp02.btsndrc-ifce.fr\/index.php\/author\/ndrc_wp02\/"},"uagb_comment_info":0,"uagb_excerpt":"Paris, Belleville R\u00e9servez le menu qui vous convient D\u00e9couvrez des restaurants d&rsquo;exception, s\u00e9lectionn\u00e9s par nos soins Fonctionnement Choisissez un restaurant [&hellip;]","_links":{"self":[{"href":"https:\/\/wp02.btsndrc-ifce.fr\/index.php\/wp-json\/wp\/v2\/pages\/37","targetHints":{"allow":["GET"]}}],"collection":[{"href":"https:\/\/wp02.btsndrc-ifce.fr\/index.php\/wp-json\/wp\/v2\/pages"}],"about":[{"href":"https:\/\/wp02.btsndrc-ifce.fr\/index.php\/wp-json\/wp\/v2\/types\/page"}],"author":[{"embeddable":true,"href":"https:\/\/wp02.btsndrc-ifce.fr\/index.php\/wp-json\/wp\/v2\/users\/1"}],"replies":[{"embeddable":true,"href":"https:\/\/wp02.btsndrc-ifce.fr\/index.php\/wp-json\/wp\/v2\/comments?post=37"}],"version-history":[{"count":3,"href":"https:\/\/wp02.btsndrc-ifce.fr\/index.php\/wp-json\/wp\/v2\/pages\/37\/revisions"}],"predecessor-version":[{"id":39,"href":"https:\/\/wp02.btsndrc-ifce.fr\/index.php\/wp-json\/wp\/v2\/pages\/37\/revisions\/39"}],"wp:attachment":[{"href":"https:\/\/wp02.btsndrc-ifce.fr\/index.php\/wp-json\/wp\/v2\/media?parent=37"}],"curies":[{"name":"wp","href":"https:\/\/api.w.org\/{rel}","templated":true}]}}